{"id":94,"date":"2023-03-06T14:36:19","date_gmt":"2023-03-06T14:36:19","guid":{"rendered":"https:\/\/gsoabogados.com\/?page_id=94"},"modified":"2023-05-31T09:16:24","modified_gmt":"2023-05-31T09:16:24","slug":"donde-estamos","status":"publish","type":"page","link":"https:\/\/gsoabogados.com\/index.php\/donde-estamos\/","title":{"rendered":"D\u00f3nde estamos"},"content":{"rendered":"\t\t<div data-elementor-type=\"wp-page\" data-elementor-id=\"94\" class=\"elementor elementor-94\" data-elementor-post-type=\"page\">\n\t\t\t\t\t\t<section class=\"elementor-section elementor-top-section elementor-element elementor-element-857812d elementor-section-boxed elementor-section-height-default elementor-section-height-default\" data-id=\"857812d\" data-element_type=\"section\" data-e-type=\"section\">\n\t\t\t\t\t\t<div class=\"elementor-container elementor-column-gap-default\">\n\t\t\t\t\t<div class=\"elementor-column elementor-col-100 elementor-top-column elementor-element elementor-element-5743964\" data-id=\"5743964\" data-element_type=\"column\" data-e-type=\"column\">\n\t\t\t<div class=\"elementor-widget-wrap elementor-element-populated\">\n\t\t\t\t\t\t<div class=\"elementor-element elementor-element-d4f1aa0 elementor-widget elementor-widget-heading\" data-id=\"d4f1aa0\" data-element_type=\"widget\" data-e-type=\"widget\" data-widget_type=\"heading.default\">\n\t\t\t\t<div class=\"elementor-widget-container\">\n\t\t\t\t\t<h2 class=\"elementor-heading-title elementor-size-default\">D\u00f3nde estamos.<\/h2>\t\t\t\t<\/div>\n\t\t\t\t<\/div>\n\t\t\t\t<div class=\"elementor-element elementor-element-0761e2c elementor-widget elementor-widget-text-editor\" data-id=\"0761e2c\" data-element_type=\"widget\" data-e-type=\"widget\" data-widget_type=\"text-editor.default\">\n\t\t\t\t<div class=\"elementor-widget-container\">\n\t\t\t\t\t\t\t\t\t<p>El despacho <strong>GSO ABOGADOS<\/strong> se encuentra en <strong>C\/ Mart\u00ednez Campos, 16, 4\u00ba B<\/strong>, muy cerca del centro de <strong>M\u00e1laga<\/strong> y en una de las zonas de servicios m\u00e1s importantes de la ciudad.<\/p><p>Existen varios <strong>aparcamientos municipales<\/strong> (Salitre y Marina) a menos de <strong>500 m del despacho.<\/strong> Adem\u00e1s, al encontrarnos muy cerca de la <strong>Alameda Principal<\/strong>, son muchas las l\u00edneas de autobuses urbanos que nos conectan con toda la ciudad.<\/p><p>La estaci\u00f3n de <strong>Cercan\u00edas de Renfe<\/strong> se encuentra a escasos metros del despacho. Las estaciones \u00ab<strong>Guadalmedina<\/strong>\u00bb y <strong>\u00abAtarazanas\u00bb<\/strong>, perteneciente a las l\u00edneas<strong> 1 y 2 del metro de M\u00e1laga<\/strong>, est\u00e1n tambi\u00e9n muy cerca de nosotros.<\/p><p>El Centro de <strong>Arte Contempor\u00e1neo de M\u00e1laga, El Corte Ingl\u00e9s y el Centro de Alta Resoluci\u00f3n del SAS<\/strong>, tambi\u00e9n est\u00e1n a pocos minutos de nuestro despacho.<\/p>\t\t\t\t\t\t\t\t<\/div>\n\t\t\t\t<\/div>\n\t\t\t\t\t<\/div>\n\t\t<\/div>\n\t\t\t\t\t<\/div>\n\t\t<\/section>\n\t\t\t\t<section class=\"elementor-section elementor-top-section elementor-element elementor-element-6f00fa6 elementor-section-boxed elementor-section-height-default elementor-section-height-default\" data-id=\"6f00fa6\" data-element_type=\"section\" data-e-type=\"section\">\n\t\t\t\t\t\t<div class=\"elementor-container elementor-column-gap-default\">\n\t\t\t\t\t<div class=\"elementor-column elementor-col-50 elementor-top-column elementor-element elementor-element-9ecf333\" data-id=\"9ecf333\" data-element_type=\"column\" data-e-type=\"column\">\n\t\t\t<div class=\"elementor-widget-wrap elementor-element-populated\">\n\t\t\t\t\t\t<div class=\"elementor-element elementor-element-5527f52 elementor-widget elementor-widget-google_maps\" data-id=\"5527f52\" data-element_type=\"widget\" data-e-type=\"widget\" data-widget_type=\"google_maps.default\">\n\t\t\t\t<div class=\"elementor-widget-container\">\n\t\t\t\t\t\t\t<div class=\"elementor-custom-embed\">\n\t\t\t<iframe loading=\"lazy\"\n\t\t\t\t\tsrc=\"https:\/\/maps.google.com\/maps?q=%09c%2F%20Mart%C3%ADnez%20Campos%2C%2016%2C%204%C2%BA%20B%2C%2029001%20M%C3%A1laga&#038;t=m&#038;z=15&#038;output=embed&#038;iwloc=near\"\n\t\t\t\t\ttitle=\"\tc\/ Mart\u00ednez Campos, 16, 4\u00ba B, 29001 M\u00e1laga\"\n\t\t\t\t\taria-label=\"\tc\/ Mart\u00ednez Campos, 16, 4\u00ba B, 29001 M\u00e1laga\"\n\t\t\t><\/iframe>\n\t\t<\/div>\n\t\t\t\t\t\t<\/div>\n\t\t\t\t<\/div>\n\t\t\t\t\t<\/div>\n\t\t<\/div>\n\t\t\t\t<div class=\"elementor-column elementor-col-50 elementor-top-column elementor-element elementor-element-0552391\" data-id=\"0552391\" data-element_type=\"column\" data-e-type=\"column\">\n\t\t\t<div class=\"elementor-widget-wrap elementor-element-populated\">\n\t\t\t\t\t\t<div class=\"elementor-element elementor-element-62cdd20 elementor-widget elementor-widget-text-editor\" data-id=\"62cdd20\" data-element_type=\"widget\" data-e-type=\"widget\" data-widget_type=\"text-editor.default\">\n\t\t\t\t<div class=\"elementor-widget-container\">\n\t\t\t\t\t\t\t\t\t<p>Los miembros del despacho GSO ABOGADOS estamos a tu disposici\u00f3n para cualquier duda o consulta que nos quieras realizar, tanto en nuestros tel\u00e9fonos como a trav\u00e9s de nuestro correo electr\u00f3nico de informaci\u00f3n general.<br \/>Puedes<b> ponerte en contacto<\/b> con nosotros a trav\u00e9s de los siguientes medios:<\/p><p>Tel\u00e9fono: <a href=\"tel:+952213095\">952 213 095<\/a> \/ <a href=\"tel:+952600323\">952 600 323<\/a> \/ <img decoding=\"async\" class=\"alignnone  wp-image-336\" src=\"https:\/\/gsoabogados.com\/wp-content\/uploads\/2023\/05\/whatsapp-300x300.png\" alt=\"\" width=\"17\" height=\"17\" srcset=\"https:\/\/gsoabogados.com\/wp-content\/uploads\/2023\/05\/whatsapp-300x300.png 300w, https:\/\/gsoabogados.com\/wp-content\/uploads\/2023\/05\/whatsapp-150x150.png 150w, https:\/\/gsoabogados.com\/wp-content\/uploads\/2023\/05\/whatsapp-40x40.png 40w, https:\/\/gsoabogados.com\/wp-content\/uploads\/2023\/05\/whatsapp-55x55.png 55w, https:\/\/gsoabogados.com\/wp-content\/uploads\/2023\/05\/whatsapp-100x100.png 100w, https:\/\/gsoabogados.com\/wp-content\/uploads\/2023\/05\/whatsapp.png 512w\" sizes=\"(max-width: 17px) 100vw, 17px\" \/><a href=\"tel:+680818073\">\u00a0 680 818 073<\/a><br \/>E-mail: <a href=\"mailto:info@gsoabogados.com\"><u>info@gsoabogados.com<\/u><\/a><br \/>Direcci\u00f3n: c\/ Mart\u00ednez Campos, 16, 4\u00ba B, 29001 M\u00e1laga<\/p>\t\t\t\t\t\t\t\t<\/div>\n\t\t\t\t<\/div>\n\t\t\t\t\t<\/div>\n\t\t<\/div>\n\t\t\t\t\t<\/div>\n\t\t<\/section>\n\t\t\t\t<\/div>\n\t\t","protected":false},"excerpt":{"rendered":"<p>D\u00f3nde estamos. El despacho GSO ABOGADOS se encuentra en C\/ Mart\u00ednez Campos, 16, 4\u00ba B, muy cerca del centro de M\u00e1laga y en una de las zonas de servicios m\u00e1s importantes de la ciudad. Existen varios aparcamientos municipales (Salitre y Marina) a menos de 500 m del despacho. Adem\u00e1s, al encontrarnos muy cerca de la [&hellip;]<\/p>\n","protected":false},"author":1,"featured_media":0,"parent":0,"menu_order":0,"comment_status":"closed","ping_status":"closed","template":"","meta":{"footnotes":""},"class_list":["post-94","page","type-page","status-publish","hentry"],"_links":{"self":[{"href":"https:\/\/gsoabogados.com\/index.php\/wp-json\/wp\/v2\/pages\/94","targetHints":{"allow":["GET"]}}],"collection":[{"href":"https:\/\/gsoabogados.com\/index.php\/wp-json\/wp\/v2\/pages"}],"about":[{"href":"https:\/\/gsoabogados.com\/index.php\/wp-json\/wp\/v2\/types\/page"}],"author":[{"embeddable":true,"href":"https:\/\/gsoabogados.com\/index.php\/wp-json\/wp\/v2\/users\/1"}],"replies":[{"embeddable":true,"href":"https:\/\/gsoabogados.com\/index.php\/wp-json\/wp\/v2\/comments?post=94"}],"version-history":[{"count":11,"href":"https:\/\/gsoabogados.com\/index.php\/wp-json\/wp\/v2\/pages\/94\/revisions"}],"predecessor-version":[{"id":339,"href":"https:\/\/gsoabogados.com\/index.php\/wp-json\/wp\/v2\/pages\/94\/revisions\/339"}],"wp:attachment":[{"href":"https:\/\/gsoabogados.com\/index.php\/wp-json\/wp\/v2\/media?parent=94"}],"curies":[{"name":"wp","href":"https:\/\/api.w.org\/{rel}","templated":true}]}}